{"id":2702,"date":"2020-03-25T12:06:04","date_gmt":"2020-03-25T12:06:04","guid":{"rendered":"https:\/\/www.thefringe.at\/?page_id=2702"},"modified":"2020-03-25T14:11:08","modified_gmt":"2020-03-25T14:11:08","slug":"jobs","status":"publish","type":"page","link":"https:\/\/www.thefringe.at\/?page_id=2702&lang=de","title":{"rendered":"Jobs"},"content":{"rendered":"\n<p>The Fringe entwickelt sich laufend k\u00fcnstlerisch und marktorientiert weiter. Die einzigartige Ausbildung und das Moderne und dynamische Image sind Basis f\u00fcr h\u00f6chste Professionalit\u00e4t und Kreativit\u00e4t<\/p>\n\n\n\n<h4>Wir bieten<\/h4>\n\n\n\n<ul><li>sehr gutes Arbeitsklima<\/li><li>Internationales Klientel<\/li><li>Spa\u00df<\/li><li>\u00dcbertarifliche Bezahlung<\/li><li>Individuelle Entfaltungsm\u00f6glichkeiten<\/li><\/ul>\n\n\n\n<h4>Anforderungen<\/h4>\n\n\n\n<ul><li>Interesse &amp; Freude am Beruf<\/li><li>Arbeiten mit Spa\u00dffaktor<\/li><li>Stressresistenz<\/li><li>Ausbildungsbereitschaft<\/li><li>Gepflegtes modisches Styling<\/li><\/ul>\n\n\n\n<p>Wir freuen uns auf deine Bewerbung unter chris@thefringe.at<\/p>\n","protected":false},"excerpt":{"rendered":"<p>The Fringe entwickelt sich laufend k\u00fcnstlerisch und marktorientiert weiter. Die&#8230;<\/p>\n","protected":false},"author":2,"featured_media":0,"parent":0,"menu_order":0,"comment_status":"closed","ping_status":"closed","template":"","meta":{"spay_email":""},"_links":{"self":[{"href":"https:\/\/www.thefringe.at\/index.php?rest_route=\/wp\/v2\/pages\/2702"}],"collection":[{"href":"https:\/\/www.thefringe.at\/index.php?rest_route=\/wp\/v2\/pages"}],"about":[{"href":"https:\/\/www.thefringe.at\/index.php?rest_route=\/wp\/v2\/types\/page"}],"author":[{"embeddable":true,"href":"https:\/\/www.thefringe.at\/index.php?rest_route=\/wp\/v2\/users\/2"}],"replies":[{"embeddable":true,"href":"https:\/\/www.thefringe.at\/index.php?rest_route=%2Fwp%2Fv2%2Fcomments&post=2702"}],"version-history":[{"count":4,"href":"https:\/\/www.thefringe.at\/index.php?rest_route=\/wp\/v2\/pages\/2702\/revisions"}],"predecessor-version":[{"id":2745,"href":"https:\/\/www.thefringe.at\/index.php?rest_route=\/wp\/v2\/pages\/2702\/revisions\/2745"}],"wp:attachment":[{"href":"https:\/\/www.thefringe.at\/index.php?rest_route=%2Fwp%2Fv2%2Fmedia&parent=2702"}],"curies":[{"name":"wp","href":"https:\/\/api.w.org\/{rel}","templated":true}]}}